{"id":419,"date":"2024-03-18T18:08:58","date_gmt":"2024-03-18T16:08:58","guid":{"rendered":"https:\/\/nvof.se\/?page_id=419"},"modified":"2024-05-08T19:44:27","modified_gmt":"2024-05-08T17:44:27","slug":"film","status":"publish","type":"page","link":"https:\/\/nvof.se\/index.php\/om-foreningen\/film\/","title":{"rendered":"Filmer"},"content":{"rendered":"\n<p><strong>INFORMATIONSTR\u00c4FF HANSJ\u00d6 240415<\/strong><br>Film fr\u00e5n hela informationstr\u00e4ffen som f\u00f6reningen genomf\u00f6rde 11 april. Filmen \u00e4r ca 1,5 t l\u00e5ng.<br>Se hela eventet h\u00e4r: <a href=\"https:\/\/www.youtube.com\/watch?v=DxgGJ3xN9ZE\">Informationstr\u00e4ff 240411 Nej till Vindkraftsindustri Orsa Finnmark <\/a><\/p>\n\n\n\n<p>Enbart Tomas Isakssons: <a href=\"https:\/\/www.youtube.com\/watch?v=jeTZEGJQkys\">https:\/\/www.youtube.com\/watch?v=jeTZEGJQkys<\/a><\/p>\n\n\n\n<p><strong>TIVOLI P\u00c5 FINNMARKEN <br><\/strong>H\u00e4r kan du se den visuella konsekvens om Dalavind och Orsabesparingsskog f\u00e5r bygga vindkraft p\u00e5 Orsa finnmark. <a href=\"https:\/\/youtu.be\/VNPChjVTgxw\" target=\"_blank\" rel=\"noreferrer noopener\">Tivoli p\u00e5 finnmarken dygnet runt<\/a><\/p>\n\n\n\n<p>P\u00e5 alla kraftverk \u00f6ver 150 meter beh\u00f6vs h\u00f6gintensivt blixtljus f\u00f6r att bl.a. varna luftfarten. Hur det ser ut i verkligheten n\u00e4r blixtljuset lyser upp molnbasen kan du se h\u00e4r. <\/p>\n\n\n\n<p><strong>Filmen om Orsa Besparingsskog &#8211; Orsa Finnmark<\/strong><br>Film och bilder fr\u00e5n landskapet som Dalavind och Orsa Besparingsskog vill omvandla till ett industriomr\u00e5de. <a href=\"https:\/\/www.youtube.com\/watch?v=GVHikHx9STU\" data-type=\"link\" data-id=\"https:\/\/www.youtube.com\/watch?v=GVHikHx9STU\">Orsa Finnmark, en storslagen natur hotas av vindkraftsindustrier<\/a><\/p>\n","protected":false},"excerpt":{"rendered":"<p>INFORMATIONSTR\u00c4FF HANSJ\u00d6 240415Film fr\u00e5n hela informationstr\u00e4ffen som f\u00f6reningen genomf\u00f6rde 11 april. Filmen \u00e4r ca 1,5 t l\u00e5ng.Se hela eventet h\u00e4r: Informationstr\u00e4ff 240411 Nej till Vindkraftsindustri Orsa Finnmark Enbart Tomas Isakssons: https:\/\/www.youtube.com\/watch?v=jeTZEGJQkys TIVOLI P\u00c5 FINNMARKEN H\u00e4r kan du se den visuella konsekvens om Dalavind och Orsabesparingsskog f\u00e5r bygga vindkraft p\u00e5 Orsa finnmark. Tivoli p\u00e5 finnmarken dygnet [&hellip;]<\/p>\n","protected":false},"author":24,"featured_media":0,"parent":144,"menu_order":0,"comment_status":"closed","ping_status":"closed","template":"","meta":{"footnotes":""},"class_list":["post-419","page","type-page","status-publish","hentry"],"_links":{"self":[{"href":"https:\/\/nvof.se\/index.php\/wp-json\/wp\/v2\/pages\/419","targetHints":{"allow":["GET"]}}],"collection":[{"href":"https:\/\/nvof.se\/index.php\/wp-json\/wp\/v2\/pages"}],"about":[{"href":"https:\/\/nvof.se\/index.php\/wp-json\/wp\/v2\/types\/page"}],"author":[{"embeddable":true,"href":"https:\/\/nvof.se\/index.php\/wp-json\/wp\/v2\/users\/24"}],"replies":[{"embeddable":true,"href":"https:\/\/nvof.se\/index.php\/wp-json\/wp\/v2\/comments?post=419"}],"version-history":[{"count":4,"href":"https:\/\/nvof.se\/index.php\/wp-json\/wp\/v2\/pages\/419\/revisions"}],"predecessor-version":[{"id":483,"href":"https:\/\/nvof.se\/index.php\/wp-json\/wp\/v2\/pages\/419\/revisions\/483"}],"up":[{"embeddable":true,"href":"https:\/\/nvof.se\/index.php\/wp-json\/wp\/v2\/pages\/144"}],"wp:attachment":[{"href":"https:\/\/nvof.se\/index.php\/wp-json\/wp\/v2\/media?parent=419"}],"curies":[{"name":"wp","href":"https:\/\/api.w.org\/{rel}","templated":true}]}}